{"id":1728,"date":"2019-10-05T15:31:36","date_gmt":"2019-10-05T13:31:36","guid":{"rendered":"https:\/\/www.rex.es\/politica-de-cookies\/"},"modified":"2020-09-25T22:58:58","modified_gmt":"2020-09-25T20:58:58","slug":"cookies-policy","status":"publish","type":"page","link":"https:\/\/www.rex.es\/en\/cookies-policy\/","title":{"rendered":"Cookies Policy"},"content":{"rendered":"<p>[et_pb_section fb_built=&#8221;1&#8243; fullwidth=&#8221;on&#8221; admin_label=&#8221;Page Header&#8221; module_id=&#8221;contacto-header&#8221; _builder_version=&#8221;4.0.5&#8243; background_image=&#8221;https:\/\/www.rex.es\/wp-content\/uploads\/2019\/11\/OFICINAS.jpg&#8221; parallax=&#8221;on&#8221; parallax_method=&#8221;off&#8221; animation_style=&#8221;fade&#8221; animation_direction=&#8221;top&#8221;][et_pb_fullwidth_header title=&#8221;Cookies Policy&#8221; text_orientation=&#8221;center&#8221; admin_label=&#8221;Hero Section&#8221; _builder_version=&#8221;4.4.7&#8243; title_font=&#8221;Montserrat|on|||&#8221; title_font_size=&#8221;60px&#8221; title_line_height=&#8221;1.4em&#8221; content_font_size=&#8221;22px&#8221; content_line_height=&#8221;1.8em&#8221; subhead_font=&#8221;||||&#8221; background_color=&#8221;rgba(255,255,255,0)&#8221; use_background_color_gradient=&#8221;on&#8221; background_color_gradient_start=&#8221;rgba(0,0,0,0.7)&#8221; background_color_gradient_end=&#8221;rgba(0,0,0,0.5)&#8221; custom_button_one=&#8221;on&#8221; button_one_text_size=&#8221;16px&#8221; button_one_bg_color=&#8221;#6eba01&#8243; button_one_border_width=&#8221;2px&#8221; button_one_border_color=&#8221;#6eba01&#8243; button_one_border_radius=&#8221;0&#8243; button_one_letter_spacing=&#8221;2&#8243; button_one_font=&#8221;Montserrat|||on|&#8221; button_one_use_icon=&#8221;off&#8221; custom_button_two=&#8221;on&#8221; button_two_text_size=&#8221;16px&#8221; button_two_border_width=&#8221;2px&#8221; button_two_border_color=&#8221;#ffffff&#8221; button_two_border_radius=&#8221;0&#8243; button_two_letter_spacing=&#8221;2&#8243; button_two_font=&#8221;Montserrat|||on|&#8221; button_two_use_icon=&#8221;off&#8221; module_alignment=&#8221;left&#8221; title_font_size_tablet=&#8221;&#8221; title_font_size_phone=&#8221;48px&#8221; title_font_size_last_edited=&#8221;on|phone&#8221; button_one_text_color_hover=&#8221;#6eba01&#8243; button_two_text_color_hover=&#8221;#6eba01&#8243; button_one_border_color_hover=&#8221;#ffffff&#8221; button_two_border_color_hover=&#8221;#ffffff&#8221; button_one_border_radius_hover=&#8221;0&#8243; button_two_border_radius_hover=&#8221;0&#8243; button_one_letter_spacing_hover=&#8221;2&#8243; button_two_letter_spacing_hover=&#8221;2&#8243; button_one_bg_color_hover=&#8221;#ffffff&#8221; button_two_bg_color_hover=&#8221;#ffffff&#8221; button_one_text_size__hover_enabled=&#8221;off&#8221; button_two_text_size__hover_enabled=&#8221;off&#8221; button_one_text_color__hover_enabled=&#8221;on&#8221; button_one_text_color__hover=&#8221;#6eba01&#8243; button_two_text_color__hover_enabled=&#8221;on&#8221; button_two_text_color__hover=&#8221;#6eba01&#8243; button_one_border_width__hover_enabled=&#8221;off&#8221; button_two_border_width__hover_enabled=&#8221;off&#8221; button_one_border_color__hover_enabled=&#8221;on&#8221; button_one_border_color__hover=&#8221;#ffffff&#8221; button_two_border_color__hover_enabled=&#8221;on&#8221; button_two_border_color__hover=&#8221;#ffffff&#8221; button_one_border_radius__hover_enabled=&#8221;on&#8221; button_one_border_radius__hover=&#8221;0&#8243; button_two_border_radius__hover_enabled=&#8221;on&#8221; button_two_border_radius__hover=&#8221;0&#8243; button_one_letter_spacing__hover_enabled=&#8221;on&#8221; button_one_letter_spacing__hover=&#8221;2&#8243; button_two_letter_spacing__hover_enabled=&#8221;on&#8221; button_two_letter_spacing__hover=&#8221;2&#8243; button_one_bg_color__hover_enabled=&#8221;on&#8221; button_one_bg_color__hover=&#8221;#ffffff&#8221; button_two_bg_color__hover_enabled=&#8221;on&#8221; button_two_bg_color__hover=&#8221;#ffffff&#8221;][\/et_pb_fullwidth_header][\/et_pb_section][et_pb_section fb_built=&#8221;1&#8243; _builder_version=&#8221;3.22&#8243;][et_pb_row _builder_version=&#8221;3.25&#8243;][et_pb_column type=&#8221;4_4&#8243; _builder_version=&#8221;3.25&#8243; custom_padding=&#8221;|||&#8221; custom_padding__hover=&#8221;|||&#8221;][et_pb_text _builder_version=&#8221;4.0.5&#8243;]<\/p>\n<div class=\"resumen\">\n<h3>\u00bfQu\u00e9 son las\u00a0<i>cookies<\/i>?<\/h3>\n<p>Las\u00a0<i>cookies<\/i>\u00a0son peque\u00f1os archivos de datos que se reciben en el terminal desde el sitio web visitado y se usan para registrar ciertas interacciones de la navegaci\u00f3n en un sitio web almacenando datos que podr\u00e1n ser actualizados y recuperados. Estos archivos se almacenan en el ordenador del usuario y contienen datos an\u00f3nimos que no son perjudiciales para su equipo. Se utilizan para recordar las preferencias del usuario, como el idioma seleccionado, datos de acceso o personalizaci\u00f3n de la p\u00e1gina.<\/p>\n<p>Las\u00a0<i>cookies\u00a0<\/i>tambi\u00e9n pueden ser utilizadas para registrar informaci\u00f3n an\u00f3nima acerca de c\u00f3mo un visitante utiliza un sitio. Por ejemplo, desde qu\u00e9 p\u00e1gina web ha accedido o si ha utilizado un banner publicitario para llegar.<\/p>\n<h3>\u00bfPor qu\u00e9 utilizamos\u00a0<i>cookies<\/i>?<\/h3>\n<p>Rafael Casta\u00f1er, S.L. utiliza\u00a0<i>cookies<\/i>\u00a0estrictamente necesarias y esenciales para que usted utilice nuestros sitios web y le permitan moverse libremente, utilizar \u00e1reas seguras, opciones personalizadas, etc. Adem\u00e1s, nuestra empresa utiliza\u00a0<i>cookies\u00a0<\/i>que recogen datos relativos al an\u00e1lisis de uso de la web. \u00c9stas se utilizan para ayudar a mejorar el servicio al cliente, midiendo el uso y el rendimiento de la p\u00e1gina para optimizarla y personalizarla.<\/p>\n<h3>\u00bfQu\u00e9 uso les damos a los diferentes tipos de\u00a0<i>cookies<\/i>?<\/h3>\n<table border=\"0\" cellpadding=\"0\">\n<tbody>\n<tr>\n<td><i>Cookies<\/i>\u00a0de sesi\u00f3n<\/td>\n<td>Las\u00a0<i>cookies<\/i>\u00a0de sesi\u00f3n son aquellas que duran el tiempo que el usuario est\u00e1 navegando por la p\u00e1gina web y se borran al t\u00e9rmino.<\/td>\n<\/tr>\n<tr>\n<td><i>Cookies<\/i>\u00a0persistentes<\/td>\n<td>Estas\u00a0<i>cookies<\/i>\u00a0quedan almacenadas en el terminal del usuario por un tiempo m\u00e1s largo, facilitando as\u00ed el control de las preferencias elegidas sin tener que repetir ciertos par\u00e1metros cada vez que se visite el sitio web.<\/td>\n<\/tr>\n<tr>\n<td><i>Cookies<\/i>\u00a0propias<\/td>\n<td>\n<p>Son cookies creadas por este sitios web y que solo puede leer el propio sitio. En la web (www.rex.es) se instalan\u00a0<i>cookies<\/i>\u00a0propias persistentes con las siguientes finalidades:<\/p>\n<ul type=\"disc\">\n<li>T\u00e9cnicas: Estas\u00a0<i>cookies<\/i>\u00a0sirven para controlaran la carga de las im\u00e1genes que aparecen en la home, en funci\u00f3n de los par\u00e1metros que se hayan programado (tiempo, n\u00ba de veces visto, etc..). Sirven adem\u00e1s para permitir el acceso a determinadas partes de la web y para ubicar al usuario.<\/li>\n<li>Personalizaci\u00f3n: Estas\u00a0<i>cookies<\/i>\u00a0se utilizan para recordar la configuraci\u00f3n del tama\u00f1o seleccionado en la visualizaci\u00f3n de los contenidos web y poder mostrarlo en las pr\u00f3ximas visitas del usuario.<\/li>\n<li>An\u00e1lisis:\u00a0<i>Cookies<\/i>\u00a0que permiten seguir el tr\u00e1fico entrante al sitio web para realizar estad\u00edsticas de visitas.<\/li>\n<\/ul>\n<\/td>\n<\/tr>\n<tr>\n<td><i>Cookies<\/i>\u00a0de terceros<\/td>\n<td>Son\u00a0<i>cookies<\/i>\u00a0creadas por terceros y que utilizamos para diferentes servicios (p.ej. an\u00e1lisis del sitio web o publicidad)<\/td>\n<\/tr>\n<\/tbody>\n<\/table>\n<p>A continuaci\u00f3n se detallan tanto los terceros que pueden configurar y acceder a <i>Cookies<\/i>\u00a0(no exentas de informaci\u00f3n y consentimiento) de su equipo como las finalidades con las que es utilizada la informaci\u00f3n que almacenan:<\/p>\n<table border=\"0\" cellpadding=\"0\">\n<thead>\n<tr>\n<td>Finalidad<\/td>\n<td>Descripci\u00f3n<\/td>\n<td>Terceros<\/td>\n<\/tr>\n<\/thead>\n<tbody>\n<tr>\n<td><i>Cookies<\/i>\u00a0t\u00e9cnicas<\/td>\n<td>Sirven para controlar el tr\u00e1fico y la comunicaci\u00f3n de datos utilizando para ello elementos de seguridad durante la navegaci\u00f3n. Tambi\u00e9n sirven para la identificaci\u00f3n y mantenimiento de la sesi\u00f3n del usuario, para almacenar contenidos en la difusi\u00f3n de videos o sonidos y para compartir contenido con redes sociales (plug-in).<\/td>\n<td>\n<ul type=\"disc\">\n<li><a href=\"http:\/\/www.google.es\/intl\/es\/policies\/technologies\/types\/\" target=\"_blank\" rel=\"noopener noreferrer\">Google<\/a><\/li>\n<li><a href=\"http:\/\/www.google.es\/intl\/es\/policies\/technologies\/types\/\" target=\"_blank\" rel=\"noopener noreferrer\">YouTube<\/a><\/li>\n<li><a href=\"https:\/\/www.facebook.com\/help\/cookies\/?ref=sitefooter\" target=\"_blank\" rel=\"noopener noreferrer\">Facebook<\/a><\/li>\n<li><a href=\"https:\/\/support.twitter.com\/articles\/20170514-twitters-use-of-cookies-and-similar-technologies\" target=\"_blank\" rel=\"noopener noreferrer\">Twitter<\/a><\/li>\n<li><a href=\"https:\/\/www.linkedin.com\/legal\/cookie_policy\" target=\"_blank\" rel=\"noopener noreferrer\">LinkedIn<\/a><\/li>\n<li><a href=\"https:\/\/www.uservoice.com\/privacy\/\" target=\"_blank\" rel=\"noopener noreferrer\">UserVoice<\/a><\/li>\n<li><a href=\"http:\/\/tealium.com\/privacy\/\" target=\"_blank\" rel=\"noopener noreferrer\">Tealium<\/a><\/li>\n<\/ul>\n<\/td>\n<\/tr>\n<tr>\n<td><i>Cookies<\/i>\u00a0de personalizaci\u00f3n<\/td>\n<td>Estas\u00a0<i>cookies<\/i>\u00a0permiten al usuario especificar o personalizar algunas caracter\u00edsticas de las opciones generales de la p\u00e1gina web. Por ejemplo, definir el idioma, el volumen seleccionado como preferido, la configuraci\u00f3n regional del servicio, el tipo de navegador o el n\u00famero de resultados mostrados por cada p\u00e1gina.<\/td>\n<td>\n<ul type=\"disc\">\n<li><a href=\"http:\/\/www.google.es\/intl\/es\/policies\/technologies\/types\/\" target=\"_blank\" rel=\"noopener noreferrer\">YouTube<\/a><\/li>\n<li><a href=\"https:\/\/www.facebook.com\/help\/cookies\/?ref=sitefooter\" target=\"_blank\" rel=\"noopener noreferrer\">Facebook<\/a><\/li>\n<\/ul>\n<\/td>\n<\/tr>\n<tr>\n<td>Cookies anal\u00edticas<\/td>\n<td>Herramienta de anal\u00edtica que ayuda a los sitios web a entender el modo en que los visitantes interact\u00faan con la web. Puede utilizar un conjunto de cookies para recopilar informaci\u00f3n e informar de las estad\u00edsticas de uso de los sitios web sin identificar personalmente a los visitantes.<\/td>\n<td>\n<ul type=\"disc\">\n<li><a href=\"https:\/\/developers.google.com\/analytics\/devguides\/collection\/analyticsjs\/cookie-usage\" target=\"_blank\" rel=\"noopener noreferrer\">Google Analytics<\/a><\/li>\n<li><a href=\"http:\/\/www.google.es\/intl\/es\/policies\/technologies\/types\/\" target=\"_blank\" rel=\"noopener noreferrer\">YouTube<\/a><\/li>\n<li><a href=\"https:\/\/support.twitter.com\/articles\/20170514-twitters-use-of-cookies-and-similar-technologies\" target=\"_blank\" rel=\"noopener noreferrer\">Twitter<\/a><\/li>\n<li><a href=\"http:\/\/www.adobe.com\/es\/privacy\/analytics.html\" target=\"_blank\" rel=\"noopener noreferrer\">Adobe Analytics<\/a><\/li>\n<\/ul>\n<\/td>\n<\/tr>\n<tr>\n<td>Cookies publicitarias<\/td>\n<td>Las\u00a0<i>cookies<\/i>\u00a0publicitarias permiten la gesti\u00f3n de los espacios publicitarios de la web en base a criterios concretos. Por ejemplo, la frecuencia de acceso, el contenido editado, etc.<\/td>\n<td>\n<ul type=\"disc\">\n<li><a href=\"https:\/\/support.google.com\/adsense\/answer\/2839090?hl=es\" target=\"_blank\" rel=\"noopener noreferrer\">DoubleClick<\/a><\/li>\n<li><a href=\"http:\/\/www.google.es\/intl\/es\/policies\/technologies\/types\/\" target=\"_blank\" rel=\"noopener noreferrer\">Google<\/a><\/li>\n<li><a href=\"http:\/\/www.criteo.com\/es\/privacy\/\" target=\"_blank\" rel=\"noopener noreferrer\">Criteo<\/a><\/li>\n<li><a href=\"http:\/\/www.adgravity.com\/privacy\" target=\"_blank\" rel=\"noopener noreferrer\">Adgravity<\/a><\/li>\n<\/ul>\n<\/td>\n<\/tr>\n<tr>\n<td><i>Cookies<\/i>\u00a0flash<\/td>\n<td>\n<p>Tambi\u00e9n utilizamos\u00a0<i>cookies<\/i>\u00a0flash para almacenar sus preferencias como el control del volumen o para mostrar contenido bas\u00e1ndose en lo que consulta en nuestro sitio web para personalizar la visita. Terceras empresas, con las que colaboramos para proporcionar determinadas caracter\u00edsticas en nuestro sitio web, utilizan\u00a0<i>cookies<\/i>\u00a0flash para recopilar y almacenar datos de car\u00e1cter no personal.<\/p>\n<p>Las\u00a0<i>cookies<\/i>\u00a0flash son diferentes a las\u00a0<i>cookies<\/i>\u00a0de sesi\u00f3n o persistentes en cuanto a la cantidad, el tipo y el modo de almacenar los datos. Las herramientas de gesti\u00f3n de las\u00a0<i>cookies<\/i>\u00a0proporcionadas por su navegador no eliminar\u00e1n las\u00a0<i>cookies<\/i>\u00a0flash.<\/p>\n<\/td>\n<td>\u00a0<\/td>\n<\/tr>\n<\/tbody>\n<\/table>\n<p>&nbsp;<\/p>\n<h3>\u00bfC\u00f3mo puedo cambiar la configuraci\u00f3n de las\u00a0<i>cookies<\/i>?<\/h3>\n<p><a href=\"http:\/\/windows.microsoft.com\/es-es\/windows-vista\/block-or-allow-cookies\" target=\"_blanc\" rel=\"noopener noreferrer\">Configuraci\u00f3n de\u00a0<i>cookies<\/i>\u00a0de Internet Explorer<\/a><\/p>\n<p><a href=\"http:\/\/support.mozilla.org\/es\/kb\/habilitar-y-deshabilitar-cookies-que-los-sitios-we\" target=\"_blanc\" rel=\"noopener noreferrer\">Configuraci\u00f3n de\u00a0<i>cookies<\/i>\u00a0de Firefox<\/a><\/p>\n<p><a href=\"http:\/\/support.google.com\/chrome\/bin\/answer.py?hl=es&amp;answer=95647\" target=\"_blanc\" rel=\"noopener noreferrer\">Configuraci\u00f3n de\u00a0<i>cookies<\/i>\u00a0de Google Chrome<\/a><\/p>\n<p><a href=\"http:\/\/www.apple.com\/legal\/privacy\/es\/cookies\/\" target=\"_blanc\" rel=\"noopener noreferrer\">Configuraci\u00f3n de\u00a0<i>cookies<\/i>\u00a0de Safari<\/a><\/p>\n<p><a href=\"http:\/\/www.macromedia.com\/support\/documentation\/es\/flashplayer\/help\/settings_manager03.html\" target=\"_blank\" rel=\"noopener\">Configuraci\u00f3n de cookies Flash<\/a><\/p>\n<p>Si desea no permitir almacenar ning\u00fan tipo de dato de Flash Player, deseleccione las casillas \u201cPermitir que el contenido de Flash almacene informaci\u00f3n en el equipo\u201d y \u201cAlmacenar los componentes comunes de Flash para reducir los tiempos de descarga\u201d. Si desea limitar la cantidad de datos recogidos por las aplicaciones Flash deslice el indicador de la barra del panel de configuraci\u00f3n global de almacenamiento en la posici\u00f3n que desee.<\/p>\n<p>Estos navegadores est\u00e1n sometidos a actualizaciones o modificaciones, por lo que no podemos garantizar que se ajusten completamente a la versi\u00f3n de su navegador. Tambi\u00e9n puede ser que utilice otro navegador no contemplado en estos enlaces como Konqueror, Arora, Flock, etc. Para evitar estos desajustes, puede acceder directamente desde las opciones de su navegador, generalmente en el men\u00fa de &#8220;Opciones&#8221; en la secci\u00f3n de &#8220;Privacidad&#8221;. (Por favor, consulte la ayuda de su navegador para m\u00e1s informaci\u00f3n.)<\/p>\n<h3>Revocaci\u00f3n del consentimiento<\/h3>\n<p>Tambi\u00e9n es posible limitar como las webs de terceros instalan cookies en su ordenador, para evitar la recolecci\u00f3n de datos y registro de su actividad de navegaci\u00f3n. Para limitar el uso de\u00a0<i>cookies<\/i>\u00a0de terceros puede dirigirse a la web de configuraci\u00f3n u OptOut:<\/p>\n<ul>\n<li>\n<div><a href=\"https:\/\/tools.google.com\/dlpage\/gaoptout?hl=None\" target=\"blank\" rel=\"noopener noreferrer\">Google Analytics<\/a><\/div>\n<\/li>\n<li><a href=\"https:\/\/www.google.com\/settings\/ads\/plugin\" target=\"_blank\" rel=\"noopener noreferrer\">DoubleClick<\/a><\/li>\n<li><a href=\"https:\/\/www.google.com\/settings\/ads\" target=\"_blank\" rel=\"noopener noreferrer\">Google<\/a><\/li>\n<li><a href=\"http:\/\/www.macromedia.com\/support\/documentation\/es\/flashplayer\/help\/settings_manager07.html\" target=\"_blank\" rel=\"noopener noreferrer\">Flash Cookies YouTube<\/a><\/li>\n<\/ul>\n<p>Seleccione la opci\u00f3n \u201cEliminar todos los sitios\u201d o seleccione la web espec\u00edfica que desee borrar y \u201cEliminar Sitio Web\u201d.<\/p>\n<p>Tenga en cuenta que si rechaza o borra las\u00a0<i>cookies<\/i>\u00a0de navegaci\u00f3n por la web del banco, no podremos mantener sus preferencias, algunas caracter\u00edsticas de las p\u00e1ginas no estar\u00e1n operativas, no podremos ofrecerle servicios personalizados y cada vez que vaya a navegar por nuestra web tendremos que solicitarle de nuevo su autorizaci\u00f3n para el uso de\u00a0<i>cookies<\/i>.<\/p>\n<p>Si aun as\u00ed decide modificar la configuraci\u00f3n de su acceso a la p\u00e1gina web, debe saber que es posible eliminar las cookies o impedir que se registre esta informaci\u00f3n en su equipo en cualquier momento mediante la modificaci\u00f3n de los par\u00e1metros de configuraci\u00f3n de su navegador.<\/p>\n<p>Si acepta nuestras\u00a0<i>cookies<\/i>, nos permite la mejora de las webs de Rafael Casta\u00f1er, S.L. para ofrecerle un acceso \u00f3ptimo y darle un servicio m\u00e1s eficaz y personalizado.<\/p>\n<p>Adem\u00e1s, usted puede configurar su navegador para establecer que s\u00f3lo los sitios web de confianza o las p\u00e1ginas por las que est\u00e1 navegando en este momento puedan gestionar cookies, lo que le permite seleccionar sus preferencias.<\/p>\n<p>Proporcionando esta pol\u00edtica, Rafael Casta\u00f1er, S.L. demuestra el compromiso adquirido con la legislaci\u00f3n vigente sobre el uso de cookies, proporcion\u00e1ndole informaci\u00f3n para que usted pueda comprender qu\u00e9 tipo de cookies utilizamos y por qu\u00e9 lo hacemos. Con esto, pretendemos proporcionarle transparencia en cuanto a los datos tratados acerca de la navegaci\u00f3n realizada desde su equipo en nuestra web.<\/p>\n<p>Esta pol\u00edtica se revisa peri\u00f3dicamente para asegurar su vigencia, por lo que puede ser modificada. Le recomendamos que visite la p\u00e1gina con regularidad, donde le informaremos de cualquier actualizaci\u00f3n al respecto.<\/p>\n<p>\u00a9 2019 Rafael Casta\u00f1er S.L.<\/p>\n<\/div>\n<p>[\/et_pb_text][\/et_pb_column][\/et_pb_row][\/et_pb_section]<\/p>\n","protected":false},"excerpt":{"rendered":"<p>\u00bfQu\u00e9 son las\u00a0cookies? Las\u00a0cookies\u00a0son peque\u00f1os archivos de datos que se reciben en el terminal desde el sitio web visitado y se usan para registrar ciertas interacciones de la navegaci\u00f3n en un sitio web almacenando datos que podr\u00e1n ser actualizados y recuperados. Estos archivos se almacenan en el ordenador del usuario y contienen datos an\u00f3nimos que [&hellip;]<\/p>\n","protected":false},"author":1,"featured_media":0,"parent":0,"menu_order":0,"comment_status":"closed","ping_status":"closed","template":"","meta":{"_acf_changed":false,"_et_pb_use_builder":"on","_et_pb_old_content":"","_et_gb_content_width":"","inline_featured_image":false,"footnotes":""},"class_list":["post-1728","page","type-page","status-publish","hentry"],"acf":[],"_links":{"self":[{"href":"https:\/\/www.rex.es\/en\/wp-json\/wp\/v2\/pages\/1728","targetHints":{"allow":["GET"]}}],"collection":[{"href":"https:\/\/www.rex.es\/en\/wp-json\/wp\/v2\/pages"}],"about":[{"href":"https:\/\/www.rex.es\/en\/wp-json\/wp\/v2\/types\/page"}],"author":[{"embeddable":true,"href":"https:\/\/www.rex.es\/en\/wp-json\/wp\/v2\/users\/1"}],"replies":[{"embeddable":true,"href":"https:\/\/www.rex.es\/en\/wp-json\/wp\/v2\/comments?post=1728"}],"version-history":[{"count":4,"href":"https:\/\/www.rex.es\/en\/wp-json\/wp\/v2\/pages\/1728\/revisions"}],"predecessor-version":[{"id":2053,"href":"https:\/\/www.rex.es\/en\/wp-json\/wp\/v2\/pages\/1728\/revisions\/2053"}],"wp:attachment":[{"href":"https:\/\/www.rex.es\/en\/wp-json\/wp\/v2\/media?parent=1728"}],"curies":[{"name":"wp","href":"https:\/\/api.w.org\/{rel}","templated":true}]}}