{"id":1726,"date":"2019-10-05T14:23:03","date_gmt":"2019-10-05T12:23:03","guid":{"rendered":"https:\/\/www.rex.es\/aviso-legal\/"},"modified":"2020-09-25T22:57:44","modified_gmt":"2020-09-25T20:57:44","slug":"legal-advice","status":"publish","type":"page","link":"https:\/\/www.rex.es\/en\/legal-advice\/","title":{"rendered":"Legal Advice"},"content":{"rendered":"<p>[et_pb_section fb_built=&#8221;1&#8243; fullwidth=&#8221;on&#8221; admin_label=&#8221;Page Header&#8221; module_id=&#8221;contacto-header&#8221; _builder_version=&#8221;4.0.5&#8243; background_image=&#8221;https:\/\/www.rex.es\/wp-content\/uploads\/2019\/11\/OFICINAS.jpg&#8221; parallax=&#8221;on&#8221; parallax_method=&#8221;off&#8221; animation_style=&#8221;fade&#8221; animation_direction=&#8221;top&#8221;][et_pb_fullwidth_header title=&#8221;Aviso Legal&#8221; text_orientation=&#8221;center&#8221; admin_label=&#8221;Hero Section&#8221; _builder_version=&#8221;4.0.5&#8243; title_font=&#8221;Montserrat|on|||&#8221; title_font_size=&#8221;60px&#8221; title_line_height=&#8221;1.4em&#8221; content_font_size=&#8221;22px&#8221; content_line_height=&#8221;1.8em&#8221; subhead_font=&#8221;||||&#8221; background_color=&#8221;rgba(255,255,255,0)&#8221; use_background_color_gradient=&#8221;on&#8221; background_color_gradient_start=&#8221;rgba(0,0,0,0.7)&#8221; background_color_gradient_end=&#8221;rgba(0,0,0,0.5)&#8221; custom_button_one=&#8221;on&#8221; button_one_text_size=&#8221;16px&#8221; button_one_bg_color=&#8221;#6eba01&#8243; button_one_border_width=&#8221;2px&#8221; button_one_border_color=&#8221;#6eba01&#8243; button_one_border_radius=&#8221;0&#8243; button_one_letter_spacing=&#8221;2&#8243; button_one_font=&#8221;Montserrat|||on|&#8221; button_one_use_icon=&#8221;off&#8221; custom_button_two=&#8221;on&#8221; button_two_text_size=&#8221;16px&#8221; button_two_border_width=&#8221;2px&#8221; button_two_border_color=&#8221;#ffffff&#8221; button_two_border_radius=&#8221;0&#8243; button_two_letter_spacing=&#8221;2&#8243; button_two_font=&#8221;Montserrat|||on|&#8221; button_two_use_icon=&#8221;off&#8221; module_alignment=&#8221;left&#8221; title_font_size_tablet=&#8221;&#8221; title_font_size_phone=&#8221;48px&#8221; title_font_size_last_edited=&#8221;on|phone&#8221; button_one_text_color_hover=&#8221;#6eba01&#8243; button_two_text_color_hover=&#8221;#6eba01&#8243; button_one_border_color_hover=&#8221;#ffffff&#8221; button_two_border_color_hover=&#8221;#ffffff&#8221; button_one_border_radius_hover=&#8221;0&#8243; button_two_border_radius_hover=&#8221;0&#8243; button_one_letter_spacing_hover=&#8221;2&#8243; button_two_letter_spacing_hover=&#8221;2&#8243; button_one_bg_color_hover=&#8221;#ffffff&#8221; button_two_bg_color_hover=&#8221;#ffffff&#8221; button_one_text_size__hover_enabled=&#8221;off&#8221; button_two_text_size__hover_enabled=&#8221;off&#8221; button_one_text_color__hover_enabled=&#8221;on&#8221; button_one_text_color__hover=&#8221;#6eba01&#8243; button_two_text_color__hover_enabled=&#8221;on&#8221; button_two_text_color__hover=&#8221;#6eba01&#8243; button_one_border_width__hover_enabled=&#8221;off&#8221; button_two_border_width__hover_enabled=&#8221;off&#8221; button_one_border_color__hover_enabled=&#8221;on&#8221; button_one_border_color__hover=&#8221;#ffffff&#8221; button_two_border_color__hover_enabled=&#8221;on&#8221; button_two_border_color__hover=&#8221;#ffffff&#8221; button_one_border_radius__hover_enabled=&#8221;on&#8221; button_one_border_radius__hover=&#8221;0&#8243; button_two_border_radius__hover_enabled=&#8221;on&#8221; button_two_border_radius__hover=&#8221;0&#8243; button_one_letter_spacing__hover_enabled=&#8221;on&#8221; button_one_letter_spacing__hover=&#8221;2&#8243; button_two_letter_spacing__hover_enabled=&#8221;on&#8221; button_two_letter_spacing__hover=&#8221;2&#8243; button_one_bg_color__hover_enabled=&#8221;on&#8221; button_one_bg_color__hover=&#8221;#ffffff&#8221; button_two_bg_color__hover_enabled=&#8221;on&#8221; button_two_bg_color__hover=&#8221;#ffffff&#8221;][\/et_pb_fullwidth_header][\/et_pb_section][et_pb_section fb_built=&#8221;1&#8243; _builder_version=&#8221;3.22&#8243;][et_pb_row _builder_version=&#8221;3.25&#8243; background_size=&#8221;initial&#8221; background_position=&#8221;top_left&#8221; background_repeat=&#8221;repeat&#8221;][et_pb_column type=&#8221;4_4&#8243; _builder_version=&#8221;3.25&#8243; custom_padding=&#8221;|||&#8221; custom_padding__hover=&#8221;|||&#8221;][et_pb_text admin_label=&#8221;Texto&#8221; _builder_version=&#8221;4.1&#8243; background_size=&#8221;initial&#8221; background_position=&#8221;top_left&#8221; background_repeat=&#8221;repeat&#8221;]<\/p>\n<h2><b>Condiciones Generales 2020\u00a0<\/b><\/h2>\n<h3><b>Aviso Legal &#8211; Condiciones de uso<\/b><\/h3>\n<p>El dominio\u00a0<b>www.rex.es<\/b>\u00a0es propiedad de\u00a0<b>RAFAEL CASTA\u00d1ER, S.L.\u00a0<\/b>(en adelante puede citarse como La Empresa), con CIF B-03038684, Sociedad Inscrita en el Registro Mercantil Alicante, T.28, L. 67, Secc. 2\u00aa, F. 200, H. 1692, Inscr. 1\u00aa y con domicilio social calle\u00a0<span lang=\"IT\">Alicante, 52. 03801 Alcoy (Alicante) Espa\u00f1a<\/span>.<\/p>\n<p>Puede ponerse en contacto con nosotros en el tel\u00e9fono +34 96 554 07 11, el fax +34 96 554 08 21 o por correo electr\u00f3nico en\u00a0<b>rex@rex.es<\/b>.<\/p>\n<p><span lang=\"NL\">Este sitio web ha sido creado por\u00a0<b>Rafael Casta\u00f1er, S.L.<\/b>\u00a0con car\u00e1cter informativo y para uso de los usuarios.<\/span><\/p>\n<p><span lang=\"IT\">El simple acceso a este sitio web no supone que quede establecida ning\u00fan tipo de relaci\u00f3n comercial entre\u00a0<b>Rafael Casta\u00f1er, S.L.<\/b>\u00a0y el usuario.<\/span><\/p>\n<p><span lang=\"IT\">El acceso y la navegaci\u00f3n en este sitio web supone aceptar y conocer las advertencias legales, condiciones y t\u00e9rminos de uso contenidas en ella y es responsabilidad exclusiva de los usuarios.<\/span><\/p>\n<p><span lang=\"IT\">El titular del sitio web puede ofrecer servicios o productos que podr\u00e1n encontrarse sometidos a unas condiciones particulares propias que, seg\u00fan los casos, sustituyan, completen y\/o modifiquen las presentes condiciones, y sobre las cuales se informar\u00e1 al usuario en cada caso concreto.<\/span><\/p>\n<h3><b>Propiedad intelectual e industrial<\/b><\/h3>\n<p>La estructura, dise\u00f1o y forma de presentaci\u00f3n de los elementos disponibles en la presente web (gr\u00e1ficos, im\u00e1genes, fotograf\u00edas, muestras y materiales que aparecen en los mismos, tecnolog\u00edas industriales, ficheros, logotipos, combinaciones de colores y cualquier elemento susceptible de protecci\u00f3n) est\u00e1n protegidos por derechos de propiedad intelectual e industrial titularidad de Rafael Casta\u00f1er, S.L. o sobre los que se han obtenido los derechos de uso correspondientes.<\/p>\n<p>Est\u00e1 prohibida la reproducci\u00f3n, transformaci\u00f3n, distribuci\u00f3n, comunicaci\u00f3n p\u00fablica, puesta a disposici\u00f3n del p\u00fablico y, en general, cualquier otra forma de explotaci\u00f3n, parcial o total de los elementos referidos en el apartado anterior. Su publicaci\u00f3n en otras p\u00e1ginas web o en otros medios de comunicaci\u00f3n digitales o escritos requiere el consentimiento expreso del titular de la web, y, en todo caso, deber\u00e1n hacer referencia expl\u00edcita a la titularidad de los citados derechos de propiedad intelectual de Rafael Casta\u00f1er, S.L.<\/p>\n<p>No se permite la utilizaci\u00f3n de los signos distintivos (marcas, nombres comerciales), salvo autorizaci\u00f3n expresa de Rafael Casta\u00f1er, S.L.<\/p>\n<p>Salvo autorizaci\u00f3n expresa, no se permite el enlace a \u201cp\u00e1ginas finales\u201d, el \u201cframe\u201d y cualquier otra manipulaci\u00f3n similar. Los enlaces deben ser siempre a la p\u00e1gina principal o homepage del sitio web.<\/p>\n<h3><b>Jurisdicci\u00f3n y legislaci\u00f3n aplicable<\/b><\/h3>\n<p>Las presentes Condiciones Generales se encuentran sometidas a la legislaci\u00f3n y jurisdicci\u00f3n espa\u00f1olas.<\/p>\n<p>La Empresa y el Usuario, independientemente de su domicilio, con renuncia expresa a cualquier otro fuero que pudiera corresponderles, se someten a la Jurisdicci\u00f3n de los Juzgados y Tribunales de Alcoy o Alicante para cuantas cuestiones pudieran suscitarse o acciones ejercitarse derivadas de la prestaci\u00f3n del servicio del Web y de sus servicios y contenidos y sobre la interpretaci\u00f3n, aplicaci\u00f3n, cumplimiento o incumplimiento de lo aqu\u00ed establecido.<\/p>\n<p>\u00a9 2018 Rafael Casta\u00f1er S.L.<\/p>\n<p>[\/et_pb_text][\/et_pb_column][\/et_pb_row][\/et_pb_section]<\/p>\n","protected":false},"excerpt":{"rendered":"<p>Condiciones Generales 2020\u00a0 Aviso Legal &#8211; Condiciones de uso El dominio\u00a0www.rex.es\u00a0es propiedad de\u00a0RAFAEL CASTA\u00d1ER, S.L.\u00a0(en adelante puede citarse como La Empresa), con CIF B-03038684, Sociedad Inscrita en el Registro Mercantil Alicante, T.28, L. 67, Secc. 2\u00aa, F. 200, H. 1692, Inscr. 1\u00aa y con domicilio social calle\u00a0Alicante, 52. 03801 Alcoy (Alicante) Espa\u00f1a. Puede ponerse en [&hellip;]<\/p>\n","protected":false},"author":1,"featured_media":0,"parent":0,"menu_order":0,"comment_status":"closed","ping_status":"closed","template":"","meta":{"_acf_changed":false,"_et_pb_use_builder":"on","_et_pb_old_content":"<h2><b>Condiciones Generales<\/b><\/h2><h3><b>Aviso Legal - Condiciones de uso<\/b><\/h3><p>El dominio\u00a0<b>www.rex.es<\/b>\u00a0es propiedad de\u00a0<b>RAFAEL CASTA\u00d1ER, S.L.\u00a0<\/b>(en adelante puede citarse como La Empresa), con CIF B-03038684, Sociedad Inscrita en el Registro Mercantil Alicante, T.28, L. 67, Secc. 2\u00aa, F. 200, H. 1692, Inscr. 1\u00aa y con domicilio social calle\u00a0<span lang=\"IT\">Alicante, 52. 03801 Alcoy (Alicante) Espa\u00f1a<\/span>.<\/p><p>Puede ponerse en contacto con nosotros en el tel\u00e9fono +34 96 554 07 11, el fax +34 96 554 08 21 o por correo electr\u00f3nico en\u00a0<b>rex@rex.es<\/b>.<\/p><p><span lang=\"NL\">Este sitio web ha sido creado por\u00a0<b>Rafael Casta\u00f1er, S.L.<\/b>\u00a0con car\u00e1cter informativo y para uso de los usuarios.<\/span><\/p><p><span lang=\"IT\">El simple acceso a este sitio web no supone que quede establecida ning\u00fan tipo de relaci\u00f3n comercial entre\u00a0<b>Rafael Casta\u00f1er, S.L.<\/b>\u00a0y el usuario.<\/span><\/p><p><span lang=\"IT\">El acceso y la navegaci\u00f3n en este sitio web supone aceptar y conocer las advertencias legales, condiciones y t\u00e9rminos de uso contenidas en ella y es responsabilidad exclusiva de los usuarios.<\/span><\/p><p><span lang=\"IT\">El titular del sitio web puede ofrecer servicios o productos que podr\u00e1n encontrarse sometidos a unas condiciones particulares propias que, seg\u00fan los casos, sustituyan, completen y\/o modifiquen las presentes condiciones, y sobre las cuales se informar\u00e1 al usuario en cada caso concreto.<\/span><\/p><h3><b>Propiedad intelectual e industrial<\/b><\/h3><p>La estructura, dise\u00f1o y forma de presentaci\u00f3n de los elementos disponibles en la presente web (gr\u00e1ficos, im\u00e1genes, fotograf\u00edas, muestras y materiales que aparecen en los mismos, tecnolog\u00edas industriales, ficheros, logotipos, combinaciones de colores y cualquier elemento susceptible de protecci\u00f3n) est\u00e1n protegidos por derechos de propiedad intelectual e industrial titularidad de Rafael Casta\u00f1er, S.L. o sobre los que se han obtenido los derechos de uso correspondientes.<\/p><p>Est\u00e1 prohibida la reproducci\u00f3n, transformaci\u00f3n, distribuci\u00f3n, comunicaci\u00f3n p\u00fablica, puesta a disposici\u00f3n del p\u00fablico y, en general, cualquier otra forma de explotaci\u00f3n, parcial o total de los elementos referidos en el apartado anterior. Su publicaci\u00f3n en otras p\u00e1ginas web o en otros medios de comunicaci\u00f3n digitales o escritos requiere el consentimiento expreso del titular de la web, y, en todo caso, deber\u00e1n hacer referencia expl\u00edcita a la titularidad de los citados derechos de propiedad intelectual de Rafael Casta\u00f1er, S.L.<\/p><p>No se permite la utilizaci\u00f3n de los signos distintivos (marcas, nombres comerciales), salvo autorizaci\u00f3n expresa de Rafael Casta\u00f1er, S.L.<\/p><p>Salvo autorizaci\u00f3n expresa, no se permite el enlace a \u201cp\u00e1ginas finales\u201d, el \u201cframe\u201d y cualquier otra manipulaci\u00f3n similar. Los enlaces deben ser siempre a la p\u00e1gina principal o homepage del sitio web.<\/p><h3><b>Jurisdicci\u00f3n y legislaci\u00f3n aplicable<\/b><\/h3><p>Las presentes Condiciones Generales se encuentran sometidas a la legislaci\u00f3n y jurisdicci\u00f3n espa\u00f1olas.<\/p><p>La Empresa y el Usuario, independientemente de su domicilio, con renuncia expresa a cualquier otro fuero que pudiera corresponderles, se someten a la Jurisdicci\u00f3n de los Juzgados y Tribunales de Alcoy o Alicante para cuantas cuestiones pudieran suscitarse o acciones ejercitarse derivadas de la prestaci\u00f3n del servicio del Web y de sus servicios y contenidos y sobre la interpretaci\u00f3n, aplicaci\u00f3n, cumplimiento o incumplimiento de lo aqu\u00ed establecido.<\/p><p>\u00a9 2018 Rafael Casta\u00f1er S.L.<\/p>","_et_gb_content_width":"","inline_featured_image":false,"footnotes":""},"class_list":["post-1726","page","type-page","status-publish","hentry"],"acf":[],"_links":{"self":[{"href":"https:\/\/www.rex.es\/en\/wp-json\/wp\/v2\/pages\/1726","targetHints":{"allow":["GET"]}}],"collection":[{"href":"https:\/\/www.rex.es\/en\/wp-json\/wp\/v2\/pages"}],"about":[{"href":"https:\/\/www.rex.es\/en\/wp-json\/wp\/v2\/types\/page"}],"author":[{"embeddable":true,"href":"https:\/\/www.rex.es\/en\/wp-json\/wp\/v2\/users\/1"}],"replies":[{"embeddable":true,"href":"https:\/\/www.rex.es\/en\/wp-json\/wp\/v2\/comments?post=1726"}],"version-history":[{"count":4,"href":"https:\/\/www.rex.es\/en\/wp-json\/wp\/v2\/pages\/1726\/revisions"}],"predecessor-version":[{"id":2052,"href":"https:\/\/www.rex.es\/en\/wp-json\/wp\/v2\/pages\/1726\/revisions\/2052"}],"wp:attachment":[{"href":"https:\/\/www.rex.es\/en\/wp-json\/wp\/v2\/media?parent=1726"}],"curies":[{"name":"wp","href":"https:\/\/api.w.org\/{rel}","templated":true}]}}